{"id":165,"date":"2016-05-24T08:30:39","date_gmt":"2016-05-24T11:30:39","guid":{"rendered":"http:\/\/www.turismotoledo.com.br\/novo\/?page_id=165"},"modified":"2016-06-08T18:30:42","modified_gmt":"2016-06-08T21:30:42","slug":"pacotes","status":"publish","type":"page","link":"https:\/\/www.turismotoledo.com.br\/novo\/pacotes\/","title":{"rendered":"Pacotes"},"content":{"rendered":"","protected":false},"excerpt":{"rendered":"","protected":false},"author":1,"featured_media":0,"parent":0,"menu_order":0,"comment_status":"closed","ping_status":"closed","template":"","meta":{"footnotes":""},"class_list":["post-165","page","type-page","status-publish","hentry"],"yoast_head":"<!-- This site is optimized with the Yoast SEO plugin v27.4 - https:\/\/yoast.com\/product\/yoast-seo-wordpress\/ -->\n<title>Pacotes - Toledo Turismo<\/title>\n<meta name=\"description\" content=\"Turismo Toledo, conhe\u00e7a o Brasil e o Mundo, elaboramos pacotes tur\u00edsticos, possu\u00edmos pre\u00e7os acess\u00edveis, promo\u00e7\u00f5es,\" \/>\n<meta name=\"robots\" content=\"index, follow, max-snippet:-1, max-image-preview:large, max-video-preview:-1\" \/>\n<link rel=\"canonical\" href=\"https:\/\/www.turismotoledo.com.br\/novo\/pacotes\/\" \/>\n<meta property=\"og:locale\" content=\"pt_BR\" \/>\n<meta property=\"og:type\" content=\"article\" \/>\n<meta property=\"og:title\" content=\"Pacotes - Toledo Turismo\" \/>\n<meta property=\"og:description\" content=\"Turismo Toledo, conhe\u00e7a o Brasil e o Mundo, elaboramos pacotes tur\u00edsticos, possu\u00edmos pre\u00e7os acess\u00edveis, promo\u00e7\u00f5es,\" \/>\n<meta property=\"og:url\" content=\"https:\/\/www.turismotoledo.com.br\/novo\/pacotes\/\" \/>\n<meta property=\"og:site_name\" content=\"Toledo Turismo\" \/>\n<meta property=\"article:modified_time\" content=\"2016-06-08T21:30:42+00:00\" \/>\n<meta name=\"twitter:card\" content=\"summary_large_image\" \/>\n<script type=\"application\/ld+json\" class=\"yoast-schema-graph\">{\"@context\":\"https:\\\/\\\/schema.org\",\"@graph\":[{\"@type\":\"WebPage\",\"@id\":\"https:\\\/\\\/www.turismotoledo.com.br\\\/novo\\\/pacotes\\\/\",\"url\":\"https:\\\/\\\/www.turismotoledo.com.br\\\/novo\\\/pacotes\\\/\",\"name\":\"Pacotes - Toledo Turismo\",\"isPartOf\":{\"@id\":\"https:\\\/\\\/www.turismotoledo.com.br\\\/novo\\\/#website\"},\"datePublished\":\"2016-05-24T11:30:39+00:00\",\"dateModified\":\"2016-06-08T21:30:42+00:00\",\"description\":\"Turismo Toledo, conhe\u00e7a o Brasil e o Mundo, elaboramos pacotes tur\u00edsticos, possu\u00edmos pre\u00e7os acess\u00edveis, promo\u00e7\u00f5es,\",\"breadcrumb\":{\"@id\":\"https:\\\/\\\/www.turismotoledo.com.br\\\/novo\\\/pacotes\\\/#breadcrumb\"},\"inLanguage\":\"pt-BR\",\"potentialAction\":[{\"@type\":\"ReadAction\",\"target\":[\"https:\\\/\\\/www.turismotoledo.com.br\\\/novo\\\/pacotes\\\/\"]}]},{\"@type\":\"BreadcrumbList\",\"@id\":\"https:\\\/\\\/www.turismotoledo.com.br\\\/novo\\\/pacotes\\\/#breadcrumb\",\"itemListElement\":[{\"@type\":\"ListItem\",\"position\":1,\"name\":\"In\u00edcio\",\"item\":\"https:\\\/\\\/www.turismotoledo.com.br\\\/novo\\\/\"},{\"@type\":\"ListItem\",\"position\":2,\"name\":\"Pacotes\"}]},{\"@type\":\"WebSite\",\"@id\":\"https:\\\/\\\/www.turismotoledo.com.br\\\/novo\\\/#website\",\"url\":\"https:\\\/\\\/www.turismotoledo.com.br\\\/novo\\\/\",\"name\":\"Toledo Turismo\",\"description\":\"Ag\u00eancia de Viagens\",\"publisher\":{\"@id\":\"https:\\\/\\\/www.turismotoledo.com.br\\\/novo\\\/#organization\"},\"potentialAction\":[{\"@type\":\"SearchAction\",\"target\":{\"@type\":\"EntryPoint\",\"urlTemplate\":\"https:\\\/\\\/www.turismotoledo.com.br\\\/novo\\\/?s={search_term_string}\"},\"query-input\":{\"@type\":\"PropertyValueSpecification\",\"valueRequired\":true,\"valueName\":\"search_term_string\"}}],\"inLanguage\":\"pt-BR\"},{\"@type\":\"Organization\",\"@id\":\"https:\\\/\\\/www.turismotoledo.com.br\\\/novo\\\/#organization\",\"name\":\"Turismo Toledo\",\"url\":\"https:\\\/\\\/www.turismotoledo.com.br\\\/novo\\\/\",\"logo\":{\"@type\":\"ImageObject\",\"inLanguage\":\"pt-BR\",\"@id\":\"https:\\\/\\\/www.turismotoledo.com.br\\\/novo\\\/#\\\/schema\\\/logo\\\/image\\\/\",\"url\":\"https:\\\/\\\/www.turismotoledo.com.br\\\/novo\\\/wp-content\\\/uploads\\\/2016\\\/06\\\/logo.png\",\"contentUrl\":\"https:\\\/\\\/www.turismotoledo.com.br\\\/novo\\\/wp-content\\\/uploads\\\/2016\\\/06\\\/logo.png\",\"width\":3104,\"height\":956,\"caption\":\"Turismo Toledo\"},\"image\":{\"@id\":\"https:\\\/\\\/www.turismotoledo.com.br\\\/novo\\\/#\\\/schema\\\/logo\\\/image\\\/\"}}]}<\/script>\n<!-- \/ Yoast SEO plugin. -->","yoast_head_json":{"title":"Pacotes - Toledo Turismo","description":"Turismo Toledo, conhe\u00e7a o Brasil e o Mundo, elaboramos pacotes tur\u00edsticos, possu\u00edmos pre\u00e7os acess\u00edveis, promo\u00e7\u00f5es,","robots":{"index":"index","follow":"follow","max-snippet":"max-snippet:-1","max-image-preview":"max-image-preview:large","max-video-preview":"max-video-preview:-1"},"canonical":"https:\/\/www.turismotoledo.com.br\/novo\/pacotes\/","og_locale":"pt_BR","og_type":"article","og_title":"Pacotes - Toledo Turismo","og_description":"Turismo Toledo, conhe\u00e7a o Brasil e o Mundo, elaboramos pacotes tur\u00edsticos, possu\u00edmos pre\u00e7os acess\u00edveis, promo\u00e7\u00f5es,","og_url":"https:\/\/www.turismotoledo.com.br\/novo\/pacotes\/","og_site_name":"Toledo Turismo","article_modified_time":"2016-06-08T21:30:42+00:00","twitter_card":"summary_large_image","schema":{"@context":"https:\/\/schema.org","@graph":[{"@type":"WebPage","@id":"https:\/\/www.turismotoledo.com.br\/novo\/pacotes\/","url":"https:\/\/www.turismotoledo.com.br\/novo\/pacotes\/","name":"Pacotes - Toledo Turismo","isPartOf":{"@id":"https:\/\/www.turismotoledo.com.br\/novo\/#website"},"datePublished":"2016-05-24T11:30:39+00:00","dateModified":"2016-06-08T21:30:42+00:00","description":"Turismo Toledo, conhe\u00e7a o Brasil e o Mundo, elaboramos pacotes tur\u00edsticos, possu\u00edmos pre\u00e7os acess\u00edveis, promo\u00e7\u00f5es,","breadcrumb":{"@id":"https:\/\/www.turismotoledo.com.br\/novo\/pacotes\/#breadcrumb"},"inLanguage":"pt-BR","potentialAction":[{"@type":"ReadAction","target":["https:\/\/www.turismotoledo.com.br\/novo\/pacotes\/"]}]},{"@type":"BreadcrumbList","@id":"https:\/\/www.turismotoledo.com.br\/novo\/pacotes\/#breadcrumb","itemListElement":[{"@type":"ListItem","position":1,"name":"In\u00edcio","item":"https:\/\/www.turismotoledo.com.br\/novo\/"},{"@type":"ListItem","position":2,"name":"Pacotes"}]},{"@type":"WebSite","@id":"https:\/\/www.turismotoledo.com.br\/novo\/#website","url":"https:\/\/www.turismotoledo.com.br\/novo\/","name":"Toledo Turismo","description":"Ag\u00eancia de Viagens","publisher":{"@id":"https:\/\/www.turismotoledo.com.br\/novo\/#organization"},"potentialAction":[{"@type":"SearchAction","target":{"@type":"EntryPoint","urlTemplate":"https:\/\/www.turismotoledo.com.br\/novo\/?s={search_term_string}"},"query-input":{"@type":"PropertyValueSpecification","valueRequired":true,"valueName":"search_term_string"}}],"inLanguage":"pt-BR"},{"@type":"Organization","@id":"https:\/\/www.turismotoledo.com.br\/novo\/#organization","name":"Turismo Toledo","url":"https:\/\/www.turismotoledo.com.br\/novo\/","logo":{"@type":"ImageObject","inLanguage":"pt-BR","@id":"https:\/\/www.turismotoledo.com.br\/novo\/#\/schema\/logo\/image\/","url":"https:\/\/www.turismotoledo.com.br\/novo\/wp-content\/uploads\/2016\/06\/logo.png","contentUrl":"https:\/\/www.turismotoledo.com.br\/novo\/wp-content\/uploads\/2016\/06\/logo.png","width":3104,"height":956,"caption":"Turismo Toledo"},"image":{"@id":"https:\/\/www.turismotoledo.com.br\/novo\/#\/schema\/logo\/image\/"}}]}},"_links":{"self":[{"href":"https:\/\/www.turismotoledo.com.br\/novo\/wp-json\/wp\/v2\/pages\/165","targetHints":{"allow":["GET"]}}],"collection":[{"href":"https:\/\/www.turismotoledo.com.br\/novo\/wp-json\/wp\/v2\/pages"}],"about":[{"href":"https:\/\/www.turismotoledo.com.br\/novo\/wp-json\/wp\/v2\/types\/page"}],"author":[{"embeddable":true,"href":"https:\/\/www.turismotoledo.com.br\/novo\/wp-json\/wp\/v2\/users\/1"}],"replies":[{"embeddable":true,"href":"https:\/\/www.turismotoledo.com.br\/novo\/wp-json\/wp\/v2\/comments?post=165"}],"version-history":[{"count":1,"href":"https:\/\/www.turismotoledo.com.br\/novo\/wp-json\/wp\/v2\/pages\/165\/revisions"}],"predecessor-version":[{"id":166,"href":"https:\/\/www.turismotoledo.com.br\/novo\/wp-json\/wp\/v2\/pages\/165\/revisions\/166"}],"wp:attachment":[{"href":"https:\/\/www.turismotoledo.com.br\/novo\/wp-json\/wp\/v2\/media?parent=165"}],"curies":[{"name":"wp","href":"https:\/\/api.w.org\/{rel}","templated":true}]}}