{"id":46,"date":"2016-05-20T11:26:16","date_gmt":"2016-05-20T14:26:16","guid":{"rendered":"http:\/\/www.turismotoledo.com.br\/novo\/?page_id=46"},"modified":"2016-06-09T09:08:51","modified_gmt":"2016-06-09T12:08:51","slug":"bens-a-declarar","status":"publish","type":"page","link":"https:\/\/www.turismotoledo.com.br\/novo\/pra-voce\/bens-a-declarar\/","title":{"rendered":"Bens a Declarar"},"content":{"rendered":"<p style=\"text-align: justify;\"><img loading=\"lazy\" decoding=\"async\" class=\"wp-image-251 size-full alignright\" src=\"http:\/\/www.turismotoledo.com.br\/novo\/wp-content\/uploads\/2016\/05\/bens_declarar.jpg\" width=\"300\" height=\"200\" srcset=\"https:\/\/www.turismotoledo.com.br\/novo\/wp-content\/uploads\/2016\/05\/bens_declarar.jpg 300w, https:\/\/www.turismotoledo.com.br\/novo\/wp-content\/uploads\/2016\/05\/bens_declarar-272x182.jpg 272w\" sizes=\"auto, (max-width: 300px) 100vw, 300px\" \/>O viajante dever\u00e1 dirigir-se ao local indicado para &#8221; Bens a Declarar &#8221; quando estiver trazendo:<\/p>\n<p style=\"text-align: justify;\"><strong>\u2022<\/strong> Bens adquiridos no exterior cujo valor total exceda a cota de isen\u00e7\u00e3o, para fins de c\u00e1lculo do imposto devido.<\/p>\n<p style=\"text-align: justify;\"><strong>\u2022<\/strong> Bens que n\u00e3o podem ser trazidos como bagagem (autom\u00f3veis, motocicletas, motonetas, bicicletas com motor, traillers e demais ve\u00edculos automotores terrestres, aeronaves, embarca\u00e7\u00f5es de todo tipo, motos aqu\u00e1ticas e similares e motores para embarca\u00e7\u00f5es), para os quais aplicam-se normas pr\u00f3prias para a libera\u00e7\u00e3o. Objetos destinados a revenda ou a uso industrial.<\/p>\n<p style=\"text-align: justify;\"><strong>\u2022<\/strong> Valores, em esp\u00e9cie ou em cheques de viagem, em montante superior a dez mil reais ou o equivalente em outra moeda, para preenchimento do formul\u00e1rio pr\u00f3prio.<\/p>\n<p style=\"text-align: justify;\"><strong>\u2022<\/strong> Animais, plantas, sementes, alimentos, medicamentos, armas e muni\u00e7\u00f5es, que ser\u00e3o retidos e somente liberados ap\u00f3s manifesta\u00e7\u00e3o do \u00f3rg\u00e3o competente.<\/p>\n<p style=\"text-align: justify;\"><strong>\u2022<\/strong> Bens que devam permanecer temporariamente no Brasil, cujo valor unit\u00e1rio seja superior a tr\u00eas mil reais ou o equivalente em outra moeda, no caso de estrangeiro.<\/p>\n<p style=\"text-align: justify;\"><strong>\u2022<\/strong> Bens, cuja entrada regular no Brasil o viajante deseje comprovar.<\/p>\n<p style=\"text-align: justify;\">A op\u00e7\u00e3o pelo setor &#8220;Nada a Declarar&#8221; quando o viajante estiver portando bens sujeitos \u00e0 tributa\u00e7\u00e3o, equivaler\u00e1 \u00e0 apresenta\u00e7\u00e3o de Declara\u00e7\u00e3o de Bagagem Acompanhada &#8211; DBA falsa, para fins de aplica\u00e7\u00e3o da multa.<\/p>\n","protected":false},"excerpt":{"rendered":"<p>O viajante dever\u00e1 dirigir-se ao local indicado para &#8221; Bens a Declarar &#8221; quando estiver trazendo: \u2022 Bens adquiridos no exterior cujo valor total exceda a cota de isen\u00e7\u00e3o, para fins de c\u00e1lculo do imposto devido. \u2022 Bens que n\u00e3o podem ser trazidos como bagagem (autom\u00f3veis, motocicletas, motonetas, bicicletas com motor, traillers e demais ve\u00edculos [&hellip;]<\/p>\n","protected":false},"author":1,"featured_media":0,"parent":20,"menu_order":0,"comment_status":"closed","ping_status":"closed","template":"","meta":{"footnotes":""},"class_list":["post-46","page","type-page","status-publish","hentry"],"yoast_head":"<!-- This site is optimized with the Yoast SEO plugin v27.4 - https:\/\/yoast.com\/product\/yoast-seo-wordpress\/ -->\n<title>Bens a Declarar - Toledo Turismo<\/title>\n<meta name=\"description\" content=\"Turismo Toledo, conhe\u00e7a o Brasil e o Mundo, elaboramos pacotes tur\u00edsticos, possu\u00edmos pre\u00e7os acess\u00edveis, promo\u00e7\u00f5es,\" \/>\n<meta name=\"robots\" content=\"index, follow, max-snippet:-1, max-image-preview:large, max-video-preview:-1\" \/>\n<link rel=\"canonical\" href=\"https:\/\/www.turismotoledo.com.br\/novo\/pra-voce\/bens-a-declarar\/\" \/>\n<meta property=\"og:locale\" content=\"pt_BR\" \/>\n<meta property=\"og:type\" content=\"article\" \/>\n<meta property=\"og:title\" content=\"Bens a Declarar - Toledo Turismo\" \/>\n<meta property=\"og:description\" content=\"Turismo Toledo, conhe\u00e7a o Brasil e o Mundo, elaboramos pacotes tur\u00edsticos, possu\u00edmos pre\u00e7os acess\u00edveis, promo\u00e7\u00f5es,\" \/>\n<meta property=\"og:url\" content=\"https:\/\/www.turismotoledo.com.br\/novo\/pra-voce\/bens-a-declarar\/\" \/>\n<meta property=\"og:site_name\" content=\"Toledo Turismo\" \/>\n<meta property=\"article:modified_time\" content=\"2016-06-09T12:08:51+00:00\" \/>\n<meta property=\"og:image\" content=\"http:\/\/www.turismotoledo.com.br\/novo\/wp-content\/uploads\/2016\/05\/bens_declarar.jpg\" \/>\n<meta name=\"twitter:card\" content=\"summary_large_image\" \/>\n<meta name=\"twitter:label1\" content=\"Est. tempo de leitura\" \/>\n\t<meta name=\"twitter:data1\" content=\"1 minuto\" \/>\n<script type=\"application\/ld+json\" class=\"yoast-schema-graph\">{\"@context\":\"https:\\\/\\\/schema.org\",\"@graph\":[{\"@type\":\"WebPage\",\"@id\":\"https:\\\/\\\/www.turismotoledo.com.br\\\/novo\\\/pra-voce\\\/bens-a-declarar\\\/\",\"url\":\"https:\\\/\\\/www.turismotoledo.com.br\\\/novo\\\/pra-voce\\\/bens-a-declarar\\\/\",\"name\":\"Bens a Declarar - Toledo Turismo\",\"isPartOf\":{\"@id\":\"https:\\\/\\\/www.turismotoledo.com.br\\\/novo\\\/#website\"},\"primaryImageOfPage\":{\"@id\":\"https:\\\/\\\/www.turismotoledo.com.br\\\/novo\\\/pra-voce\\\/bens-a-declarar\\\/#primaryimage\"},\"image\":{\"@id\":\"https:\\\/\\\/www.turismotoledo.com.br\\\/novo\\\/pra-voce\\\/bens-a-declarar\\\/#primaryimage\"},\"thumbnailUrl\":\"http:\\\/\\\/www.turismotoledo.com.br\\\/novo\\\/wp-content\\\/uploads\\\/2016\\\/05\\\/bens_declarar.jpg\",\"datePublished\":\"2016-05-20T14:26:16+00:00\",\"dateModified\":\"2016-06-09T12:08:51+00:00\",\"description\":\"Turismo Toledo, conhe\u00e7a o Brasil e o Mundo, elaboramos pacotes tur\u00edsticos, possu\u00edmos pre\u00e7os acess\u00edveis, promo\u00e7\u00f5es,\",\"breadcrumb\":{\"@id\":\"https:\\\/\\\/www.turismotoledo.com.br\\\/novo\\\/pra-voce\\\/bens-a-declarar\\\/#breadcrumb\"},\"inLanguage\":\"pt-BR\",\"potentialAction\":[{\"@type\":\"ReadAction\",\"target\":[\"https:\\\/\\\/www.turismotoledo.com.br\\\/novo\\\/pra-voce\\\/bens-a-declarar\\\/\"]}]},{\"@type\":\"ImageObject\",\"inLanguage\":\"pt-BR\",\"@id\":\"https:\\\/\\\/www.turismotoledo.com.br\\\/novo\\\/pra-voce\\\/bens-a-declarar\\\/#primaryimage\",\"url\":\"http:\\\/\\\/www.turismotoledo.com.br\\\/novo\\\/wp-content\\\/uploads\\\/2016\\\/05\\\/bens_declarar.jpg\",\"contentUrl\":\"http:\\\/\\\/www.turismotoledo.com.br\\\/novo\\\/wp-content\\\/uploads\\\/2016\\\/05\\\/bens_declarar.jpg\"},{\"@type\":\"BreadcrumbList\",\"@id\":\"https:\\\/\\\/www.turismotoledo.com.br\\\/novo\\\/pra-voce\\\/bens-a-declarar\\\/#breadcrumb\",\"itemListElement\":[{\"@type\":\"ListItem\",\"position\":1,\"name\":\"In\u00edcio\",\"item\":\"https:\\\/\\\/www.turismotoledo.com.br\\\/novo\\\/\"},{\"@type\":\"ListItem\",\"position\":2,\"name\":\"Pra Voc\u00ea\",\"item\":\"https:\\\/\\\/www.turismotoledo.com.br\\\/novo\\\/pra-voce\\\/\"},{\"@type\":\"ListItem\",\"position\":3,\"name\":\"Bens a Declarar\"}]},{\"@type\":\"WebSite\",\"@id\":\"https:\\\/\\\/www.turismotoledo.com.br\\\/novo\\\/#website\",\"url\":\"https:\\\/\\\/www.turismotoledo.com.br\\\/novo\\\/\",\"name\":\"Toledo Turismo\",\"description\":\"Ag\u00eancia de Viagens\",\"publisher\":{\"@id\":\"https:\\\/\\\/www.turismotoledo.com.br\\\/novo\\\/#organization\"},\"potentialAction\":[{\"@type\":\"SearchAction\",\"target\":{\"@type\":\"EntryPoint\",\"urlTemplate\":\"https:\\\/\\\/www.turismotoledo.com.br\\\/novo\\\/?s={search_term_string}\"},\"query-input\":{\"@type\":\"PropertyValueSpecification\",\"valueRequired\":true,\"valueName\":\"search_term_string\"}}],\"inLanguage\":\"pt-BR\"},{\"@type\":\"Organization\",\"@id\":\"https:\\\/\\\/www.turismotoledo.com.br\\\/novo\\\/#organization\",\"name\":\"Turismo Toledo\",\"url\":\"https:\\\/\\\/www.turismotoledo.com.br\\\/novo\\\/\",\"logo\":{\"@type\":\"ImageObject\",\"inLanguage\":\"pt-BR\",\"@id\":\"https:\\\/\\\/www.turismotoledo.com.br\\\/novo\\\/#\\\/schema\\\/logo\\\/image\\\/\",\"url\":\"https:\\\/\\\/www.turismotoledo.com.br\\\/novo\\\/wp-content\\\/uploads\\\/2016\\\/06\\\/logo.png\",\"contentUrl\":\"https:\\\/\\\/www.turismotoledo.com.br\\\/novo\\\/wp-content\\\/uploads\\\/2016\\\/06\\\/logo.png\",\"width\":3104,\"height\":956,\"caption\":\"Turismo Toledo\"},\"image\":{\"@id\":\"https:\\\/\\\/www.turismotoledo.com.br\\\/novo\\\/#\\\/schema\\\/logo\\\/image\\\/\"}}]}<\/script>\n<!-- \/ Yoast SEO plugin. -->","yoast_head_json":{"title":"Bens a Declarar - Toledo Turismo","description":"Turismo Toledo, conhe\u00e7a o Brasil e o Mundo, elaboramos pacotes tur\u00edsticos, possu\u00edmos pre\u00e7os acess\u00edveis, promo\u00e7\u00f5es,","robots":{"index":"index","follow":"follow","max-snippet":"max-snippet:-1","max-image-preview":"max-image-preview:large","max-video-preview":"max-video-preview:-1"},"canonical":"https:\/\/www.turismotoledo.com.br\/novo\/pra-voce\/bens-a-declarar\/","og_locale":"pt_BR","og_type":"article","og_title":"Bens a Declarar - Toledo Turismo","og_description":"Turismo Toledo, conhe\u00e7a o Brasil e o Mundo, elaboramos pacotes tur\u00edsticos, possu\u00edmos pre\u00e7os acess\u00edveis, promo\u00e7\u00f5es,","og_url":"https:\/\/www.turismotoledo.com.br\/novo\/pra-voce\/bens-a-declarar\/","og_site_name":"Toledo Turismo","article_modified_time":"2016-06-09T12:08:51+00:00","og_image":[{"url":"http:\/\/www.turismotoledo.com.br\/novo\/wp-content\/uploads\/2016\/05\/bens_declarar.jpg","type":"","width":"","height":""}],"twitter_card":"summary_large_image","twitter_misc":{"Est. tempo de leitura":"1 minuto"},"schema":{"@context":"https:\/\/schema.org","@graph":[{"@type":"WebPage","@id":"https:\/\/www.turismotoledo.com.br\/novo\/pra-voce\/bens-a-declarar\/","url":"https:\/\/www.turismotoledo.com.br\/novo\/pra-voce\/bens-a-declarar\/","name":"Bens a Declarar - Toledo Turismo","isPartOf":{"@id":"https:\/\/www.turismotoledo.com.br\/novo\/#website"},"primaryImageOfPage":{"@id":"https:\/\/www.turismotoledo.com.br\/novo\/pra-voce\/bens-a-declarar\/#primaryimage"},"image":{"@id":"https:\/\/www.turismotoledo.com.br\/novo\/pra-voce\/bens-a-declarar\/#primaryimage"},"thumbnailUrl":"http:\/\/www.turismotoledo.com.br\/novo\/wp-content\/uploads\/2016\/05\/bens_declarar.jpg","datePublished":"2016-05-20T14:26:16+00:00","dateModified":"2016-06-09T12:08:51+00:00","description":"Turismo Toledo, conhe\u00e7a o Brasil e o Mundo, elaboramos pacotes tur\u00edsticos, possu\u00edmos pre\u00e7os acess\u00edveis, promo\u00e7\u00f5es,","breadcrumb":{"@id":"https:\/\/www.turismotoledo.com.br\/novo\/pra-voce\/bens-a-declarar\/#breadcrumb"},"inLanguage":"pt-BR","potentialAction":[{"@type":"ReadAction","target":["https:\/\/www.turismotoledo.com.br\/novo\/pra-voce\/bens-a-declarar\/"]}]},{"@type":"ImageObject","inLanguage":"pt-BR","@id":"https:\/\/www.turismotoledo.com.br\/novo\/pra-voce\/bens-a-declarar\/#primaryimage","url":"http:\/\/www.turismotoledo.com.br\/novo\/wp-content\/uploads\/2016\/05\/bens_declarar.jpg","contentUrl":"http:\/\/www.turismotoledo.com.br\/novo\/wp-content\/uploads\/2016\/05\/bens_declarar.jpg"},{"@type":"BreadcrumbList","@id":"https:\/\/www.turismotoledo.com.br\/novo\/pra-voce\/bens-a-declarar\/#breadcrumb","itemListElement":[{"@type":"ListItem","position":1,"name":"In\u00edcio","item":"https:\/\/www.turismotoledo.com.br\/novo\/"},{"@type":"ListItem","position":2,"name":"Pra Voc\u00ea","item":"https:\/\/www.turismotoledo.com.br\/novo\/pra-voce\/"},{"@type":"ListItem","position":3,"name":"Bens a Declarar"}]},{"@type":"WebSite","@id":"https:\/\/www.turismotoledo.com.br\/novo\/#website","url":"https:\/\/www.turismotoledo.com.br\/novo\/","name":"Toledo Turismo","description":"Ag\u00eancia de Viagens","publisher":{"@id":"https:\/\/www.turismotoledo.com.br\/novo\/#organization"},"potentialAction":[{"@type":"SearchAction","target":{"@type":"EntryPoint","urlTemplate":"https:\/\/www.turismotoledo.com.br\/novo\/?s={search_term_string}"},"query-input":{"@type":"PropertyValueSpecification","valueRequired":true,"valueName":"search_term_string"}}],"inLanguage":"pt-BR"},{"@type":"Organization","@id":"https:\/\/www.turismotoledo.com.br\/novo\/#organization","name":"Turismo Toledo","url":"https:\/\/www.turismotoledo.com.br\/novo\/","logo":{"@type":"ImageObject","inLanguage":"pt-BR","@id":"https:\/\/www.turismotoledo.com.br\/novo\/#\/schema\/logo\/image\/","url":"https:\/\/www.turismotoledo.com.br\/novo\/wp-content\/uploads\/2016\/06\/logo.png","contentUrl":"https:\/\/www.turismotoledo.com.br\/novo\/wp-content\/uploads\/2016\/06\/logo.png","width":3104,"height":956,"caption":"Turismo Toledo"},"image":{"@id":"https:\/\/www.turismotoledo.com.br\/novo\/#\/schema\/logo\/image\/"}}]}},"_links":{"self":[{"href":"https:\/\/www.turismotoledo.com.br\/novo\/wp-json\/wp\/v2\/pages\/46","targetHints":{"allow":["GET"]}}],"collection":[{"href":"https:\/\/www.turismotoledo.com.br\/novo\/wp-json\/wp\/v2\/pages"}],"about":[{"href":"https:\/\/www.turismotoledo.com.br\/novo\/wp-json\/wp\/v2\/types\/page"}],"author":[{"embeddable":true,"href":"https:\/\/www.turismotoledo.com.br\/novo\/wp-json\/wp\/v2\/users\/1"}],"replies":[{"embeddable":true,"href":"https:\/\/www.turismotoledo.com.br\/novo\/wp-json\/wp\/v2\/comments?post=46"}],"version-history":[{"count":3,"href":"https:\/\/www.turismotoledo.com.br\/novo\/wp-json\/wp\/v2\/pages\/46\/revisions"}],"predecessor-version":[{"id":252,"href":"https:\/\/www.turismotoledo.com.br\/novo\/wp-json\/wp\/v2\/pages\/46\/revisions\/252"}],"up":[{"embeddable":true,"href":"https:\/\/www.turismotoledo.com.br\/novo\/wp-json\/wp\/v2\/pages\/20"}],"wp:attachment":[{"href":"https:\/\/www.turismotoledo.com.br\/novo\/wp-json\/wp\/v2\/media?parent=46"}],"curies":[{"name":"wp","href":"https:\/\/api.w.org\/{rel}","templated":true}]}}