{"id":56,"date":"2016-05-20T11:27:42","date_gmt":"2016-05-20T14:27:42","guid":{"rendered":"http:\/\/www.turismotoledo.com.br\/novo\/?page_id=56"},"modified":"2016-06-09T09:28:44","modified_gmt":"2016-06-09T12:28:44","slug":"dicas-para-viajar","status":"publish","type":"page","link":"https:\/\/www.turismotoledo.com.br\/novo\/pra-voce\/dicas-para-viajar\/","title":{"rendered":"Dicas para Viajar"},"content":{"rendered":"<p style=\"text-align: justify;\"><img loading=\"lazy\" decoding=\"async\" class=\"wp-image-263 size-full alignright\" src=\"http:\/\/www.turismotoledo.com.br\/novo\/wp-content\/uploads\/2016\/05\/dicas_viajar.jpg\" width=\"300\" height=\"200\" srcset=\"https:\/\/www.turismotoledo.com.br\/novo\/wp-content\/uploads\/2016\/05\/dicas_viajar.jpg 300w, https:\/\/www.turismotoledo.com.br\/novo\/wp-content\/uploads\/2016\/05\/dicas_viajar-272x182.jpg 272w\" sizes=\"auto, (max-width: 300px) 100vw, 300px\" \/>Aqui voc\u00ea encontra informa\u00e7\u00f5es para preparar sua viagem a\u00e9rea: s\u00e3o dicas sobre bagagem, hor\u00e1rios, documenta\u00e7\u00f5es, instala\u00e7\u00f5es e servi\u00e7os dos aeroportos, entre outros.<\/p>\n<p style=\"text-align: justify;\"><strong>\u2022<\/strong> Tire suas d\u00favidas sobre cada momento da viagem, antes do embarque, durante o voo e no desembarque.<\/p>\n<p style=\"text-align: justify;\"><strong>\u2022<\/strong> Conhe\u00e7a os direitos e deveres do passageiro e viaje tranquilo e com seguran\u00e7a:<br \/>\n<a href=\"http:\/\/www.infraero.gov.br\/horadeviajar\/\" target=\"_blank\">www.infraero.gov.br\/horadeviajar<\/a><\/p>\n","protected":false},"excerpt":{"rendered":"<p>Aqui voc\u00ea encontra informa\u00e7\u00f5es para preparar sua viagem a\u00e9rea: s\u00e3o dicas sobre bagagem, hor\u00e1rios, documenta\u00e7\u00f5es, instala\u00e7\u00f5es e servi\u00e7os dos aeroportos, entre outros. \u2022 Tire suas d\u00favidas sobre cada momento da viagem, antes do embarque, durante o voo e no desembarque. \u2022 Conhe\u00e7a os direitos e deveres do passageiro e viaje tranquilo e com seguran\u00e7a: www.infraero.gov.br\/horadeviajar<\/p>\n","protected":false},"author":1,"featured_media":0,"parent":20,"menu_order":0,"comment_status":"closed","ping_status":"closed","template":"","meta":{"footnotes":""},"class_list":["post-56","page","type-page","status-publish","hentry"],"yoast_head":"<!-- This site is optimized with the Yoast SEO plugin v27.4 - https:\/\/yoast.com\/product\/yoast-seo-wordpress\/ -->\n<title>Dicas para Viajar - Toledo Turismo<\/title>\n<meta name=\"description\" content=\"Turismo Toledo, conhe\u00e7a o Brasil e o Mundo, elaboramos pacotes tur\u00edsticos, possu\u00edmos pre\u00e7os acess\u00edveis, promo\u00e7\u00f5es,\" \/>\n<meta name=\"robots\" content=\"index, follow, max-snippet:-1, max-image-preview:large, max-video-preview:-1\" \/>\n<link rel=\"canonical\" href=\"https:\/\/www.turismotoledo.com.br\/novo\/pra-voce\/dicas-para-viajar\/\" \/>\n<meta property=\"og:locale\" content=\"pt_BR\" \/>\n<meta property=\"og:type\" content=\"article\" \/>\n<meta property=\"og:title\" content=\"Dicas para Viajar - Toledo Turismo\" \/>\n<meta property=\"og:description\" content=\"Turismo Toledo, conhe\u00e7a o Brasil e o Mundo, elaboramos pacotes tur\u00edsticos, possu\u00edmos pre\u00e7os acess\u00edveis, promo\u00e7\u00f5es,\" \/>\n<meta property=\"og:url\" content=\"https:\/\/www.turismotoledo.com.br\/novo\/pra-voce\/dicas-para-viajar\/\" \/>\n<meta property=\"og:site_name\" content=\"Toledo Turismo\" \/>\n<meta property=\"article:modified_time\" content=\"2016-06-09T12:28:44+00:00\" \/>\n<meta property=\"og:image\" content=\"http:\/\/www.turismotoledo.com.br\/novo\/wp-content\/uploads\/2016\/05\/dicas_viajar.jpg\" \/>\n<meta name=\"twitter:card\" content=\"summary_large_image\" \/>\n<script type=\"application\/ld+json\" class=\"yoast-schema-graph\">{\"@context\":\"https:\\\/\\\/schema.org\",\"@graph\":[{\"@type\":\"WebPage\",\"@id\":\"https:\\\/\\\/www.turismotoledo.com.br\\\/novo\\\/pra-voce\\\/dicas-para-viajar\\\/\",\"url\":\"https:\\\/\\\/www.turismotoledo.com.br\\\/novo\\\/pra-voce\\\/dicas-para-viajar\\\/\",\"name\":\"Dicas para Viajar - Toledo Turismo\",\"isPartOf\":{\"@id\":\"https:\\\/\\\/www.turismotoledo.com.br\\\/novo\\\/#website\"},\"primaryImageOfPage\":{\"@id\":\"https:\\\/\\\/www.turismotoledo.com.br\\\/novo\\\/pra-voce\\\/dicas-para-viajar\\\/#primaryimage\"},\"image\":{\"@id\":\"https:\\\/\\\/www.turismotoledo.com.br\\\/novo\\\/pra-voce\\\/dicas-para-viajar\\\/#primaryimage\"},\"thumbnailUrl\":\"http:\\\/\\\/www.turismotoledo.com.br\\\/novo\\\/wp-content\\\/uploads\\\/2016\\\/05\\\/dicas_viajar.jpg\",\"datePublished\":\"2016-05-20T14:27:42+00:00\",\"dateModified\":\"2016-06-09T12:28:44+00:00\",\"description\":\"Turismo Toledo, conhe\u00e7a o Brasil e o Mundo, elaboramos pacotes tur\u00edsticos, possu\u00edmos pre\u00e7os acess\u00edveis, promo\u00e7\u00f5es,\",\"breadcrumb\":{\"@id\":\"https:\\\/\\\/www.turismotoledo.com.br\\\/novo\\\/pra-voce\\\/dicas-para-viajar\\\/#breadcrumb\"},\"inLanguage\":\"pt-BR\",\"potentialAction\":[{\"@type\":\"ReadAction\",\"target\":[\"https:\\\/\\\/www.turismotoledo.com.br\\\/novo\\\/pra-voce\\\/dicas-para-viajar\\\/\"]}]},{\"@type\":\"ImageObject\",\"inLanguage\":\"pt-BR\",\"@id\":\"https:\\\/\\\/www.turismotoledo.com.br\\\/novo\\\/pra-voce\\\/dicas-para-viajar\\\/#primaryimage\",\"url\":\"http:\\\/\\\/www.turismotoledo.com.br\\\/novo\\\/wp-content\\\/uploads\\\/2016\\\/05\\\/dicas_viajar.jpg\",\"contentUrl\":\"http:\\\/\\\/www.turismotoledo.com.br\\\/novo\\\/wp-content\\\/uploads\\\/2016\\\/05\\\/dicas_viajar.jpg\"},{\"@type\":\"BreadcrumbList\",\"@id\":\"https:\\\/\\\/www.turismotoledo.com.br\\\/novo\\\/pra-voce\\\/dicas-para-viajar\\\/#breadcrumb\",\"itemListElement\":[{\"@type\":\"ListItem\",\"position\":1,\"name\":\"In\u00edcio\",\"item\":\"https:\\\/\\\/www.turismotoledo.com.br\\\/novo\\\/\"},{\"@type\":\"ListItem\",\"position\":2,\"name\":\"Pra Voc\u00ea\",\"item\":\"https:\\\/\\\/www.turismotoledo.com.br\\\/novo\\\/pra-voce\\\/\"},{\"@type\":\"ListItem\",\"position\":3,\"name\":\"Dicas para Viajar\"}]},{\"@type\":\"WebSite\",\"@id\":\"https:\\\/\\\/www.turismotoledo.com.br\\\/novo\\\/#website\",\"url\":\"https:\\\/\\\/www.turismotoledo.com.br\\\/novo\\\/\",\"name\":\"Toledo Turismo\",\"description\":\"Ag\u00eancia de Viagens\",\"publisher\":{\"@id\":\"https:\\\/\\\/www.turismotoledo.com.br\\\/novo\\\/#organization\"},\"potentialAction\":[{\"@type\":\"SearchAction\",\"target\":{\"@type\":\"EntryPoint\",\"urlTemplate\":\"https:\\\/\\\/www.turismotoledo.com.br\\\/novo\\\/?s={search_term_string}\"},\"query-input\":{\"@type\":\"PropertyValueSpecification\",\"valueRequired\":true,\"valueName\":\"search_term_string\"}}],\"inLanguage\":\"pt-BR\"},{\"@type\":\"Organization\",\"@id\":\"https:\\\/\\\/www.turismotoledo.com.br\\\/novo\\\/#organization\",\"name\":\"Turismo Toledo\",\"url\":\"https:\\\/\\\/www.turismotoledo.com.br\\\/novo\\\/\",\"logo\":{\"@type\":\"ImageObject\",\"inLanguage\":\"pt-BR\",\"@id\":\"https:\\\/\\\/www.turismotoledo.com.br\\\/novo\\\/#\\\/schema\\\/logo\\\/image\\\/\",\"url\":\"https:\\\/\\\/www.turismotoledo.com.br\\\/novo\\\/wp-content\\\/uploads\\\/2016\\\/06\\\/logo.png\",\"contentUrl\":\"https:\\\/\\\/www.turismotoledo.com.br\\\/novo\\\/wp-content\\\/uploads\\\/2016\\\/06\\\/logo.png\",\"width\":3104,\"height\":956,\"caption\":\"Turismo Toledo\"},\"image\":{\"@id\":\"https:\\\/\\\/www.turismotoledo.com.br\\\/novo\\\/#\\\/schema\\\/logo\\\/image\\\/\"}}]}<\/script>\n<!-- \/ Yoast SEO plugin. -->","yoast_head_json":{"title":"Dicas para Viajar - Toledo Turismo","description":"Turismo Toledo, conhe\u00e7a o Brasil e o Mundo, elaboramos pacotes tur\u00edsticos, possu\u00edmos pre\u00e7os acess\u00edveis, promo\u00e7\u00f5es,","robots":{"index":"index","follow":"follow","max-snippet":"max-snippet:-1","max-image-preview":"max-image-preview:large","max-video-preview":"max-video-preview:-1"},"canonical":"https:\/\/www.turismotoledo.com.br\/novo\/pra-voce\/dicas-para-viajar\/","og_locale":"pt_BR","og_type":"article","og_title":"Dicas para Viajar - Toledo Turismo","og_description":"Turismo Toledo, conhe\u00e7a o Brasil e o Mundo, elaboramos pacotes tur\u00edsticos, possu\u00edmos pre\u00e7os acess\u00edveis, promo\u00e7\u00f5es,","og_url":"https:\/\/www.turismotoledo.com.br\/novo\/pra-voce\/dicas-para-viajar\/","og_site_name":"Toledo Turismo","article_modified_time":"2016-06-09T12:28:44+00:00","og_image":[{"url":"http:\/\/www.turismotoledo.com.br\/novo\/wp-content\/uploads\/2016\/05\/dicas_viajar.jpg","type":"","width":"","height":""}],"twitter_card":"summary_large_image","schema":{"@context":"https:\/\/schema.org","@graph":[{"@type":"WebPage","@id":"https:\/\/www.turismotoledo.com.br\/novo\/pra-voce\/dicas-para-viajar\/","url":"https:\/\/www.turismotoledo.com.br\/novo\/pra-voce\/dicas-para-viajar\/","name":"Dicas para Viajar - Toledo Turismo","isPartOf":{"@id":"https:\/\/www.turismotoledo.com.br\/novo\/#website"},"primaryImageOfPage":{"@id":"https:\/\/www.turismotoledo.com.br\/novo\/pra-voce\/dicas-para-viajar\/#primaryimage"},"image":{"@id":"https:\/\/www.turismotoledo.com.br\/novo\/pra-voce\/dicas-para-viajar\/#primaryimage"},"thumbnailUrl":"http:\/\/www.turismotoledo.com.br\/novo\/wp-content\/uploads\/2016\/05\/dicas_viajar.jpg","datePublished":"2016-05-20T14:27:42+00:00","dateModified":"2016-06-09T12:28:44+00:00","description":"Turismo Toledo, conhe\u00e7a o Brasil e o Mundo, elaboramos pacotes tur\u00edsticos, possu\u00edmos pre\u00e7os acess\u00edveis, promo\u00e7\u00f5es,","breadcrumb":{"@id":"https:\/\/www.turismotoledo.com.br\/novo\/pra-voce\/dicas-para-viajar\/#breadcrumb"},"inLanguage":"pt-BR","potentialAction":[{"@type":"ReadAction","target":["https:\/\/www.turismotoledo.com.br\/novo\/pra-voce\/dicas-para-viajar\/"]}]},{"@type":"ImageObject","inLanguage":"pt-BR","@id":"https:\/\/www.turismotoledo.com.br\/novo\/pra-voce\/dicas-para-viajar\/#primaryimage","url":"http:\/\/www.turismotoledo.com.br\/novo\/wp-content\/uploads\/2016\/05\/dicas_viajar.jpg","contentUrl":"http:\/\/www.turismotoledo.com.br\/novo\/wp-content\/uploads\/2016\/05\/dicas_viajar.jpg"},{"@type":"BreadcrumbList","@id":"https:\/\/www.turismotoledo.com.br\/novo\/pra-voce\/dicas-para-viajar\/#breadcrumb","itemListElement":[{"@type":"ListItem","position":1,"name":"In\u00edcio","item":"https:\/\/www.turismotoledo.com.br\/novo\/"},{"@type":"ListItem","position":2,"name":"Pra Voc\u00ea","item":"https:\/\/www.turismotoledo.com.br\/novo\/pra-voce\/"},{"@type":"ListItem","position":3,"name":"Dicas para Viajar"}]},{"@type":"WebSite","@id":"https:\/\/www.turismotoledo.com.br\/novo\/#website","url":"https:\/\/www.turismotoledo.com.br\/novo\/","name":"Toledo Turismo","description":"Ag\u00eancia de Viagens","publisher":{"@id":"https:\/\/www.turismotoledo.com.br\/novo\/#organization"},"potentialAction":[{"@type":"SearchAction","target":{"@type":"EntryPoint","urlTemplate":"https:\/\/www.turismotoledo.com.br\/novo\/?s={search_term_string}"},"query-input":{"@type":"PropertyValueSpecification","valueRequired":true,"valueName":"search_term_string"}}],"inLanguage":"pt-BR"},{"@type":"Organization","@id":"https:\/\/www.turismotoledo.com.br\/novo\/#organization","name":"Turismo Toledo","url":"https:\/\/www.turismotoledo.com.br\/novo\/","logo":{"@type":"ImageObject","inLanguage":"pt-BR","@id":"https:\/\/www.turismotoledo.com.br\/novo\/#\/schema\/logo\/image\/","url":"https:\/\/www.turismotoledo.com.br\/novo\/wp-content\/uploads\/2016\/06\/logo.png","contentUrl":"https:\/\/www.turismotoledo.com.br\/novo\/wp-content\/uploads\/2016\/06\/logo.png","width":3104,"height":956,"caption":"Turismo Toledo"},"image":{"@id":"https:\/\/www.turismotoledo.com.br\/novo\/#\/schema\/logo\/image\/"}}]}},"_links":{"self":[{"href":"https:\/\/www.turismotoledo.com.br\/novo\/wp-json\/wp\/v2\/pages\/56","targetHints":{"allow":["GET"]}}],"collection":[{"href":"https:\/\/www.turismotoledo.com.br\/novo\/wp-json\/wp\/v2\/pages"}],"about":[{"href":"https:\/\/www.turismotoledo.com.br\/novo\/wp-json\/wp\/v2\/types\/page"}],"author":[{"embeddable":true,"href":"https:\/\/www.turismotoledo.com.br\/novo\/wp-json\/wp\/v2\/users\/1"}],"replies":[{"embeddable":true,"href":"https:\/\/www.turismotoledo.com.br\/novo\/wp-json\/wp\/v2\/comments?post=56"}],"version-history":[{"count":4,"href":"https:\/\/www.turismotoledo.com.br\/novo\/wp-json\/wp\/v2\/pages\/56\/revisions"}],"predecessor-version":[{"id":264,"href":"https:\/\/www.turismotoledo.com.br\/novo\/wp-json\/wp\/v2\/pages\/56\/revisions\/264"}],"up":[{"embeddable":true,"href":"https:\/\/www.turismotoledo.com.br\/novo\/wp-json\/wp\/v2\/pages\/20"}],"wp:attachment":[{"href":"https:\/\/www.turismotoledo.com.br\/novo\/wp-json\/wp\/v2\/media?parent=56"}],"curies":[{"name":"wp","href":"https:\/\/api.w.org\/{rel}","templated":true}]}}